{"id":2364,"date":"2015-03-06T08:54:10","date_gmt":"2015-03-06T07:54:10","guid":{"rendered":"http:\/\/www.doncapuchino.com\/?page_id=2"},"modified":"2024-07-09T13:20:26","modified_gmt":"2024-07-09T11:20:26","slug":"inicio","status":"publish","type":"page","link":"https:\/\/www.doncapuchino.com\/es\/","title":{"rendered":"Inicio"},"content":{"rendered":"<h1><a title=\"volver al inicio\" href=\"https:\/\/www.doncapuchino.com\/\">volver al inicio<\/a><\/h1>\n<p><a href=\"https:\/\/www.doncapuchino.com\/es\/carta\" target=\"_blank\" rel=\"noopener noreferrer\"><img loading=\"lazy\" decoding=\"async\" class=\"\" style=\"padding-right: 12px; float: left;\" src=\"http:\/\/www.doncapuchino.com\/es\/wp-content\/uploads\/sites\/10\/2021\/02\/Espanol.jpg\" alt=\"espa\u00f1ol\" width=\"150\" height=\"150\"\/><\/p>\n<h2>Ver nuestra carta aqu\u00ed<\/h2>\n<p><\/a><\/p>\n<h3><a title=\"The Don Capuchino Song\" href=\"https:\/\/www.doncapuchino.com\/nl\/wp-content\/uploads\/sites\/5\/DonCapuchino-song-Lee-Evans.mp4\" rel=\"noopener noreferrer\"><img loading=\"lazy\" decoding=\"async\" class=\"\" style=\"padding-right: 12px; float: left;\" src=\"https:\/\/www.doncapuchino.com\/nl\/wp-content\/uploads\/sites\/5\/Lee-Evans.jpg\" alt=\"Lee Evans\" width=\"150\" height=\"150\" <br \/><\/br>La canci\u00f3n de Don Capuchino <\/br> escrita, producida y realizado por<\/br>Lee Evans<\/a><\/h3>\n<p><\/br><\/p>\n<h3>\u00a1Bienvenidos a Don Capuchino! M\u00e1s que solo una taza de caf\u00e9 Illy en Estepona.<\/h3>\n<p><a href=\"https:\/\/www.illy.com\/es-es\/shop\/cafe\/\" target=\"_blank\" rel=\"noopener noreferrer\"><img loading=\"lazy\" decoding=\"async\" class=\"\" style=\"padding-right: 12px; float: left;\" src=\"http:\/\/www.doncapuchino.com\/es\/wp-content\/uploads\/sites\/10\/2020\/05\/illy.png\" alt=\"Illy\" width=\"70\" height=\"70\" \/><\/a>En julio de 2008 nos encontr\u00e1bamos en el centro de Estepona. Despu\u00e9s de haber estado 7 a\u00f1os cerca de la preciosa playa &#8220;La Rada&#8221;, nos hemos trasladado a un sitio completamente nuevo y m\u00e1s grande, enfrente del centro de salud en la Avenida Juan Carlos I.<br \/>\nEstamos abiertos 5 d\u00edas a la semana y puede venir aqu\u00ed para una taza de Illy caf\u00e9 perfeccionada, desayunos, tapas y muchos refrescos, cerveza de Mahou y otras bebidas alcoh\u00f3licas.<\/p>\n<div id=\"metaslider-id-629\" style=\"max-width: 600px;\" class=\"ml-slider-3-107-0 metaslider metaslider-flex metaslider-629 ml-slider ms-theme-default nav-hidden\" role=\"region\" aria-label=\"Nuevo pase\" data-height=\"300\" data-width=\"600\">\n    <div id=\"metaslider_container_629\">\n        <div id=\"metaslider_629\">\n            <ul class='slides'>\n                <li style=\"display: block; width: 100%;\" class=\"slide-1444 ms-image \" aria-roledescription=\"slide\" data-date=\"2020-05-24 14:56:31\" data-filename=\"15-600x300.jpg\" data-slide-type=\"image\"><img loading=\"lazy\" decoding=\"async\" src=\"https:\/\/www.doncapuchino.com\/es\/wp-content\/uploads\/sites\/10\/2020\/05\/15-600x300.jpg\" height=\"300\" width=\"600\" alt=\"15\" class=\"slider-629 slide-1444 msDefaultImage\" title=\"15\" \/><\/li>\n                <li style=\"display: none; width: 100%;\" class=\"slide-1457 ms-image \" aria-roledescription=\"slide\" data-date=\"2020-05-24 14:56:32\" data-filename=\"03-scaled-1-600x300.jpg\" data-slide-type=\"image\"><img loading=\"lazy\" decoding=\"async\" src=\"https:\/\/www.doncapuchino.com\/es\/wp-content\/uploads\/sites\/10\/2020\/05\/03-scaled-1-600x300.jpg\" height=\"300\" width=\"600\" alt=\"03\" class=\"slider-629 slide-1457 msDefaultImage\" title=\"03\" \/><\/li>\n                <li style=\"display: none; width: 100%;\" class=\"slide-2450 ms-image \" aria-roledescription=\"slide\" data-date=\"2023-03-10 09:16:35\" data-filename=\"01-scaled-1-600x300.jpg\" data-slide-type=\"image\"><img loading=\"lazy\" decoding=\"async\" src=\"https:\/\/www.doncapuchino.com\/es\/wp-content\/uploads\/sites\/10\/2020\/05\/01-scaled-1-600x300.jpg\" height=\"300\" width=\"600\" alt=\"01\" class=\"slider-629 slide-2450 msDefaultImage\" title=\"01\" \/><div class=\"caption-wrap\"><div class=\"caption\">01<\/div><\/div><\/li>\n                <li style=\"display: none; width: 100%;\" class=\"slide-2451 ms-image \" aria-roledescription=\"slide\" data-date=\"2023-03-10 09:16:35\" data-filename=\"02-scaled-1-600x300.jpg\" data-slide-type=\"image\"><img loading=\"lazy\" decoding=\"async\" src=\"https:\/\/www.doncapuchino.com\/es\/wp-content\/uploads\/sites\/10\/2020\/05\/02-scaled-1-600x300.jpg\" height=\"300\" width=\"600\" alt=\"02\" class=\"slider-629 slide-2451 msDefaultImage\" title=\"02\" \/><div class=\"caption-wrap\"><div class=\"caption\">02<\/div><\/div><\/li>\n                <li style=\"display: none; width: 100%;\" class=\"slide-2452 ms-image \" aria-roledescription=\"slide\" data-date=\"2023-03-10 09:16:35\" data-filename=\"03-scaled-1-600x300.jpg\" data-slide-type=\"image\"><img loading=\"lazy\" decoding=\"async\" src=\"https:\/\/www.doncapuchino.com\/es\/wp-content\/uploads\/sites\/10\/2020\/05\/03-scaled-1-600x300.jpg\" height=\"300\" width=\"600\" alt=\"03\" class=\"slider-629 slide-2452 msDefaultImage\" title=\"03\" \/><div class=\"caption-wrap\"><div class=\"caption\">03<\/div><\/div><\/li>\n                <li style=\"display: none; width: 100%;\" class=\"slide-2453 ms-image \" aria-roledescription=\"slide\" data-date=\"2023-03-10 09:16:35\" data-filename=\"04-scaled-1-600x300.jpg\" data-slide-type=\"image\"><img loading=\"lazy\" decoding=\"async\" src=\"https:\/\/www.doncapuchino.com\/es\/wp-content\/uploads\/sites\/10\/2020\/05\/04-scaled-1-600x300.jpg\" height=\"300\" width=\"600\" alt=\"04\" class=\"slider-629 slide-2453 msDefaultImage\" title=\"04\" \/><div class=\"caption-wrap\"><div class=\"caption\">04<\/div><\/div><\/li>\n                <li style=\"display: none; width: 100%;\" class=\"slide-2454 ms-image \" aria-roledescription=\"slide\" data-date=\"2023-03-10 09:16:35\" data-filename=\"05-scaled-1-600x300.jpg\" data-slide-type=\"image\"><img loading=\"lazy\" decoding=\"async\" src=\"https:\/\/www.doncapuchino.com\/es\/wp-content\/uploads\/sites\/10\/2020\/05\/05-scaled-1-600x300.jpg\" height=\"300\" width=\"600\" alt=\"05\" class=\"slider-629 slide-2454 msDefaultImage\" title=\"05\" \/><div class=\"caption-wrap\"><div class=\"caption\">05<\/div><\/div><\/li>\n                <li style=\"display: none; width: 100%;\" class=\"slide-2455 ms-image \" aria-roledescription=\"slide\" data-date=\"2023-03-10 09:16:35\" data-filename=\"06-scaled-1-600x300.jpg\" data-slide-type=\"image\"><img loading=\"lazy\" decoding=\"async\" src=\"https:\/\/www.doncapuchino.com\/es\/wp-content\/uploads\/sites\/10\/2020\/05\/06-scaled-1-600x300.jpg\" height=\"300\" width=\"600\" alt=\"06\" class=\"slider-629 slide-2455 msDefaultImage\" title=\"06\" \/><div class=\"caption-wrap\"><div class=\"caption\">06<\/div><\/div><\/li>\n                <li style=\"display: none; width: 100%;\" class=\"slide-2456 ms-image \" aria-roledescription=\"slide\" data-date=\"2023-03-10 09:16:35\" data-filename=\"07-scaled-1-600x300.jpg\" data-slide-type=\"image\"><img loading=\"lazy\" decoding=\"async\" src=\"https:\/\/www.doncapuchino.com\/es\/wp-content\/uploads\/sites\/10\/2020\/05\/07-scaled-1-600x300.jpg\" height=\"300\" width=\"600\" alt=\"07\" class=\"slider-629 slide-2456 msDefaultImage\" title=\"07\" \/><div class=\"caption-wrap\"><div class=\"caption\">07<\/div><\/div><\/li>\n                <li style=\"display: none; width: 100%;\" class=\"slide-2457 ms-image \" aria-roledescription=\"slide\" data-date=\"2023-03-10 09:16:35\" data-filename=\"08-scaled-1-600x300.jpg\" data-slide-type=\"image\"><img loading=\"lazy\" decoding=\"async\" src=\"https:\/\/www.doncapuchino.com\/es\/wp-content\/uploads\/sites\/10\/2020\/05\/08-scaled-1-600x300.jpg\" height=\"300\" width=\"600\" alt=\"08\" class=\"slider-629 slide-2457 msDefaultImage\" title=\"08\" \/><div class=\"caption-wrap\"><div class=\"caption\">08<\/div><\/div><\/li>\n                <li style=\"display: none; width: 100%;\" class=\"slide-2458 ms-image \" aria-roledescription=\"slide\" data-date=\"2023-03-10 09:16:35\" data-filename=\"09-1-scaled-1-600x300.jpg\" data-slide-type=\"image\"><img loading=\"lazy\" decoding=\"async\" src=\"https:\/\/www.doncapuchino.com\/es\/wp-content\/uploads\/sites\/10\/2020\/05\/09-1-scaled-1-600x300.jpg\" height=\"300\" width=\"600\" alt=\"09\" class=\"slider-629 slide-2458 msDefaultImage\" title=\"09\" \/><div class=\"caption-wrap\"><div class=\"caption\">09<\/div><\/div><\/li>\n                <li style=\"display: none; width: 100%;\" class=\"slide-2459 ms-image \" aria-roledescription=\"slide\" data-date=\"2023-03-10 09:16:35\" data-filename=\"10-scaled-1-600x300.jpg\" data-slide-type=\"image\"><img loading=\"lazy\" decoding=\"async\" src=\"https:\/\/www.doncapuchino.com\/es\/wp-content\/uploads\/sites\/10\/2020\/05\/10-scaled-1-600x300.jpg\" height=\"300\" width=\"600\" alt=\"10\" class=\"slider-629 slide-2459 msDefaultImage\" title=\"10\" \/><div class=\"caption-wrap\"><div class=\"caption\">10<\/div><\/div><\/li>\n                <li style=\"display: none; width: 100%;\" class=\"slide-2460 ms-image \" aria-roledescription=\"slide\" data-date=\"2023-03-10 09:16:35\" data-filename=\"11-scaled-1-600x300.jpg\" data-slide-type=\"image\"><img loading=\"lazy\" decoding=\"async\" src=\"https:\/\/www.doncapuchino.com\/es\/wp-content\/uploads\/sites\/10\/2020\/05\/11-scaled-1-600x300.jpg\" height=\"300\" width=\"600\" alt=\"11\" class=\"slider-629 slide-2460 msDefaultImage\" title=\"11\" \/><div class=\"caption-wrap\"><div class=\"caption\">11<\/div><\/div><\/li>\n                <li style=\"display: none; width: 100%;\" class=\"slide-2461 ms-image \" aria-roledescription=\"slide\" data-date=\"2023-03-10 09:16:35\" data-filename=\"12-scaled-1-600x300.jpg\" data-slide-type=\"image\"><img loading=\"lazy\" decoding=\"async\" src=\"https:\/\/www.doncapuchino.com\/es\/wp-content\/uploads\/sites\/10\/2020\/05\/12-scaled-1-600x300.jpg\" height=\"300\" width=\"600\" alt=\"12\" class=\"slider-629 slide-2461 msDefaultImage\" title=\"12\" \/><div class=\"caption-wrap\"><div class=\"caption\">12<\/div><\/div><\/li>\n                <li style=\"display: none; width: 100%;\" class=\"slide-2462 ms-image \" aria-roledescription=\"slide\" data-date=\"2023-03-10 09:16:35\" data-filename=\"13-scaled-1-600x300.jpg\" data-slide-type=\"image\"><img loading=\"lazy\" decoding=\"async\" src=\"https:\/\/www.doncapuchino.com\/es\/wp-content\/uploads\/sites\/10\/2020\/05\/13-scaled-1-600x300.jpg\" height=\"300\" width=\"600\" alt=\"13\" class=\"slider-629 slide-2462 msDefaultImage\" title=\"13\" \/><div class=\"caption-wrap\"><div class=\"caption\">13<\/div><\/div><\/li>\n                <li style=\"display: none; width: 100%;\" class=\"slide-2463 ms-image \" aria-roledescription=\"slide\" data-date=\"2023-03-10 09:16:35\" data-filename=\"14-scaled-1-600x300.jpg\" data-slide-type=\"image\"><img loading=\"lazy\" decoding=\"async\" src=\"https:\/\/www.doncapuchino.com\/es\/wp-content\/uploads\/sites\/10\/2020\/05\/14-scaled-1-600x300.jpg\" height=\"300\" width=\"600\" alt=\"14\" class=\"slider-629 slide-2463 msDefaultImage\" title=\"14\" \/><div class=\"caption-wrap\"><div class=\"caption\">14<\/div><\/div><\/li>\n                <li style=\"display: none; width: 100%;\" class=\"slide-2464 ms-image \" aria-roledescription=\"slide\" data-date=\"2023-03-10 09:16:35\" data-filename=\"15-600x300.jpg\" data-slide-type=\"image\"><img loading=\"lazy\" decoding=\"async\" src=\"https:\/\/www.doncapuchino.com\/es\/wp-content\/uploads\/sites\/10\/2020\/05\/15-600x300.jpg\" height=\"300\" width=\"600\" alt=\"15\" class=\"slider-629 slide-2464 msDefaultImage\" title=\"15\" \/><div class=\"caption-wrap\"><div class=\"caption\">15<\/div><\/div><\/li>\n                <li style=\"display: none; width: 100%;\" class=\"slide-2465 ms-image \" aria-roledescription=\"slide\" data-date=\"2023-03-10 09:16:36\" data-filename=\"16-600x300.jpg\" data-slide-type=\"image\"><img loading=\"lazy\" decoding=\"async\" src=\"https:\/\/www.doncapuchino.com\/es\/wp-content\/uploads\/sites\/10\/2020\/05\/16-600x300.jpg\" height=\"300\" width=\"600\" alt=\"16\" class=\"slider-629 slide-2465 msDefaultImage\" title=\"16\" \/><div class=\"caption-wrap\"><div class=\"caption\">16<\/div><\/div><\/li>\n            <\/ul>\n        <\/div>\n        \n    <\/div>\n<\/div>\n<h4>Don Capuchino`s &#8220;50&#8217;s American Diner&#8221;.<\/h4>\n<p>Si te apetecen unas sabrosas tapas, aqu\u00ed puedes conseguirlas y disfrutarlas en un aut\u00e9ntico ambiente americano. Rel\u00e1jese en un aut\u00e9ntico &#8220;American Booth&#8221; con sabrosa m\u00fasica de los a\u00f1os 50, 60, 70 y 80 sonando de fondo.<\/p>\n<p>Hay una terraza acogedora y soleada donde puede disfrutar de su comida y su bebida en el sol o en la sombra.<\/p>\n<h4>WiFi gratis<\/h4>\n<p><img loading=\"lazy\" decoding=\"async\" style=\"padding-right: 12px; float: left;\" src=\"http:\/\/www.doncapuchino.com\/es\/wp-content\/uploads\/sites\/10\/2020\/05\/wifi.png\" alt=\"free wifi\" width=\"70\" height=\"70\" \/>Adicionalmente le ofrecemos wifi gratis, puede imprimir sus tarjetas de embarque para su viaje de vuelta y le podemos ayudar con cualquier problema con su Windows ordenador o Android m\u00f3vil.<\/p>\n<p>\u00a1Aqu\u00ed puede encontrar personas locales tanto espa\u00f1olas como extranjeras, y turistas de todo el mundo!<\/p>\n<p>Hablamos espa\u00f1ol as\u00ed que podemos ayudarle en su propia lengua.<\/p>\n<p>Resumiendo: vis\u00edtenos: \u00a1no se decepcionar\u00e1!<\/p>\n<p>\u00a1Nosotros le damos una cordial bienvenida!<\/p>\n<style>\n  p    {<br \/>       font-size:125%;<br \/>       float:left;<br \/>     margin-top: 0px;<br \/>     margin-bottom: 0px;<br \/>     margin-right: 0px;<br \/>     margin-left: 20px;<br \/>       }<br \/><\/style>\n<p><iframe loading=\"lazy\" style=\"border: 0px currentColor;\" src=\"https:\/\/www.google.com\/maps\/embed?pb=!1m14!1m8!1m3!1d3210.4028695637075!2d-5.147792999999999!3d36.42363999999999!3m2!1i1024!2i768!4f13.1!3m3!1m2!1s0xd0cd6a6051923d9%3A0xb5c77531444c180e!2sCafeteria+Don+Capuchino!5e0!3m2!1ses!2ses!4v1426605712108\" width=\"400\" height=\"400\" frameborder=\"0\"><\/iframe><\/p>\n<p><span style=\"color: #000000;\"><small><small><small><small><small><small><small>illy, estepona, batido, crepe, tapas, desayuno, bollos, wifi gratis, ordenador, hamburguesa<\/small><\/small><\/small><\/small><\/small><\/small><\/small><\/span><\/p>\n","protected":false},"excerpt":{"rendered":"<p>volver al inicio Ver nuestra carta aqu\u00ed<\/p>\n","protected":false},"author":1,"featured_media":0,"parent":0,"menu_order":0,"comment_status":"closed","ping_status":"closed","template":"","meta":{"footnotes":""},"class_list":["post-2364","page","type-page","status-publish","hentry"],"_links":{"self":[{"href":"https:\/\/www.doncapuchino.com\/es\/wp-json\/wp\/v2\/pages\/2364","targetHints":{"allow":["GET"]}}],"collection":[{"href":"https:\/\/www.doncapuchino.com\/es\/wp-json\/wp\/v2\/pages"}],"about":[{"href":"https:\/\/www.doncapuchino.com\/es\/wp-json\/wp\/v2\/types\/page"}],"author":[{"embeddable":true,"href":"https:\/\/www.doncapuchino.com\/es\/wp-json\/wp\/v2\/users\/1"}],"replies":[{"embeddable":true,"href":"https:\/\/www.doncapuchino.com\/es\/wp-json\/wp\/v2\/comments?post=2364"}],"version-history":[{"count":77,"href":"https:\/\/www.doncapuchino.com\/es\/wp-json\/wp\/v2\/pages\/2364\/revisions"}],"predecessor-version":[{"id":3215,"href":"https:\/\/www.doncapuchino.com\/es\/wp-json\/wp\/v2\/pages\/2364\/revisions\/3215"}],"wp:attachment":[{"href":"https:\/\/www.doncapuchino.com\/es\/wp-json\/wp\/v2\/media?parent=2364"}],"curies":[{"name":"wp","href":"https:\/\/api.w.org\/{rel}","templated":true}]}}