{"id":1023,"date":"2020-05-21T16:30:08","date_gmt":"2020-05-21T14:30:08","guid":{"rendered":"https:\/\/www.doncapuchino.com\/en\/?page_id=1023"},"modified":"2026-01-11T16:43:24","modified_gmt":"2026-01-11T15:43:24","slug":"drinks","status":"publish","type":"page","link":"https:\/\/www.doncapuchino.com\/en\/drinks\/","title":{"rendered":"drinks"},"content":{"rendered":"<h1><a title=\"return to menu\" href=\"https:\/\/www.doncapuchino.com\/en\/menu\">return to menu<\/a><\/h1>\n<h1>Coffee \/ Tea \/ Cola Cao<\/h1>\n<p><img loading=\"lazy\" decoding=\"async\" class=\"\" style=\"padding-right: 12px;float: left\" src=\"http:\/\/www.doncapuchino.com\/es\/wp-content\/uploads\/sites\/10\/2020\/05\/illy.png\" alt=\"Illy\" width=\"80\" height=\"80\"><\/p>\n<table style=background-color: #ffffff\">\n<table>\n<tbody>\n<tr>\n<th><\/th>\n<th><\/th>\n<th><\/th>\n<\/tr>\n<tr>\n<td>espresso<\/td>\n<td><\/td>\n<td>1,50<\/td>\n<\/tr>\n<tr>\n<td>double espresso<\/td>\n<td><\/td>\n<td>2,30<\/td>\n<\/tr>\n<tr>\n<td>large black coffee<\/td>\n<td><\/td>\n<td>1,60<\/td>\n<\/tr>\n<tr>\n<td>black coffee with a dash of milk<\/td>\n<td><\/td>\n<td>1,60<\/td>\n<\/tr>\n<tr>\n<td>coffee with milk<\/td>\n<td><\/td>\n<td>1,80<\/td>\n<\/tr>\n<tr>\n<td>espresso with a lot of milk<\/td>\n<td><\/td>\n<td>1,90<\/td>\n<\/tr>\n<tr>\n<td>cappuccino<\/td>\n<td><\/td>\n<td>2,00<\/td>\n<\/tr>\n<tr>\n<td>instant decaffeinated coffee (nescaf\u00e9)<\/td>\n<td><\/td>\n<td>1,60<\/td>\n<\/tr>\n<tr>\n<td>tea<\/td>\n<td><\/td>\n<td>1,30<\/td>\n<\/tr>\n<tr>\n<td>tea with milk<\/td>\n<td><\/td>\n<td>1,40<\/td>\n<\/tr>\n<tr>\n<td>ice cubes for coffee or tea<\/td>\n<td>+ 0,10<\/td>\n<td><\/td>\n<\/tr>\n<tr>\n<td>carajillo (black coffee with a dash of brandy or anis)<\/td>\n<td><\/td>\n<td>2,50<\/td>\n<\/tr>\n<tr>\n<td>carajillo (black coffee with a dash of whiskey, rum or baileys)<\/td>\n<td><\/td>\n<td>3,00<\/td>\n<\/tr>\n<tr>\n<td>cola cao (hot chocolate)<\/td>\n<td><\/td>\n<td>1,80<\/td>\n<\/tr>\n<\/tbody>\n<\/table>\n<h1>Water \/ Softdrinks<\/h1>\n<table>\n<tbody>\n<tr>\n<th><\/th>\n<th><\/th>\n<th><\/th>\n<\/tr>\n<tr>\n<td>mineral water<\/td>\n<td><\/td>\n<td>1,30<\/td>\n<\/tr>\n<tr>\n<td>sparkling water<\/td>\n<td><\/td>\n<td>1,80<\/td>\n<\/tr>\n<tr>\n<td>pineapple, peach or apple juice minute maid<\/td>\n<td><\/td>\n<td>2,00<\/td>\n<\/tr>\n<tr>\n<td>fresh orange juice<\/td>\n<td><\/td>\n<td>2,50<\/td>\n<\/tr>\n<tr>\n<td>sprite (can)<\/td>\n<td><\/td>\n<td>2,00<\/td>\n<\/tr>\n<tr>\n<td>coca cola \/ fanta<\/td>\n<td><\/td>\n<td>2,50<\/td>\n<\/tr>\n<tr>\n<td>aquarius \/ fuze tea<\/td>\n<td><\/td>\n<td>2,50<\/td>\n<\/tr>\n<tr>\n<td>tonic \/ ginger ale schweppes<\/td>\n<td><\/td>\n<td>2,50<\/td>\n<\/tr>\n<\/tbody>\n<\/table>\n\n<h1>Beers<\/h1>\n<p><img loading=\"lazy\" decoding=\"async\" class=\"\" style=\"padding-right: 12px;float: left\" src=\"http:\/\/www.doncapuchino.com\/es\/wp-content\/uploads\/sites\/10\/2021\/03\/mahou.png\" alt=\"Mahou\" width=\"200\" height=\"200\"><\/p>\n<table>\n<tbody>\n<tr>\n<th><\/th>\n<th><\/th>\n<th><\/th>\n<\/tr>\n<tr>\n<td>small draught mahou<\/td>\n<td><\/td>\n<td>1,80<\/td>\n<\/tr>\n<tr>\n<td>medium draught mahou<\/td>\n<td><\/td>\n<td>2,50<\/td>\n<\/tr>\n<tr>\n<td>large draught mahou<\/td>\n<td><\/td>\n<td>3,30<\/td>\n<\/tr>\n<tr>\n<td>estrella galicia 0.0% non-alcoholic 33cl<\/td>\n<td><\/td>\n<td>2,50<\/td>\n<\/tr>\n<tr>\n<td>mahou 0.0% dark beer non-alcoholic 33cl<\/td>\n<td><\/td>\n<td>2,50<\/td>\n<\/tr>\n<tr>\n<td>mahou 5 estrellas 33cl<\/td>\n<td><\/td>\n<td>2,50<\/td>\n<\/tr>\n<tr>\n<td>heineken 33cl<\/td>\n<td><\/td>\n<td>3,00<\/td>\n<\/tr>\n<tr>\n<td>estrella galicia 33cl<\/td>\n<td><\/td>\n<td>3,00<\/td>\n<\/tr>\n<tr>\n<td>alhambra reserva 33cl<\/td>\n<td><\/td>\n<td>3,30<\/td>\n<\/tr>\n<\/tbody>\n<\/table>\n<h1>Wine<\/h1>\n<table>\n<tbody>\n<tr>\n<th><\/th>\n<th><\/th>\n<th><\/th>\n<\/tr>\n<\/tbody>\n<tbody>\n<tr>\n<td>red &#8211; Alma de Mecenas (red local Spanish wine from Castilla y Le\u00f3n)<\/td>\n<td><\/td>\n<td>2,50<\/td>\n<\/tr>\n<tr>\n<td>white- Alma de Mecenas verdejo (white local Spanish wine from Castilla y Le\u00f3n)<\/td>\n<td><\/td>\n<td>2,50<\/td>\n<\/tr>\n<tr>\n<td>ros\u00e9 &#8211; Alma de Mecenas (local Spanish ros\u00e9 wine from Castilla y Le\u00f3n)<\/td>\n<td><\/td>\n<td>2,50<\/td>\n<\/tr>\n<tr>\n<td>bottle of wine &#8211; Alma de Mecenas<\/td>\n<td><\/td>\n<td>9,50<\/td>\n<\/tr>\n<tr>\n<td>tinto de verano Don Capuchino (refreshing Spanish wine cocktail)<\/td>\n<td><\/td>\n<td>2,50<\/td>\n<\/tr>\n<\/tbody>\n<\/table>\n<h1> COMBINED (DRINK + MIXER) + \u20ac 2,00<\/p>\n<h1>Licor<\/h1>\n<table>\n<tbody>\n<tr>\n<th><\/th>\n<th><\/th>\n<th><\/th>\n<\/tr>\n<\/tbody>\n<tbody>\n<tr>\n<td>ponche<\/td>\n<td>3,00<\/td>\n<\/tr>\n<tr>\n<td>red martini<\/td>\n<td>3,00<\/td>\n<\/tr>\n<tr>\n<td>limoncello<\/td>\n<td>3,50<\/td>\n<\/tr>\n<tr>\n<td>an\u00eds<\/td>\n<td>3,50<\/td>\n<\/tr>\n<tr>\n<td>pachar\u00e1n<\/td>\n<td>3,50<\/td>\n<\/tr>\n<tr>\n<td>licor 43<\/td>\n<td>4,00<\/td>\n<\/tr>\n<tr>\n<td>campari<\/td>\n<td>4,50<\/td>\n<\/tr>\n<tr>\n<td>j\u00e4germeister<\/td>\n<td>4,50<\/td>\n<\/tr>\n<tr>\n<td>baileys<\/td>\n<td>4,50<\/td>\n<\/tr>\n<tr>\n<td>t\u00eda mar\u00eda<\/td>\n<td>5,00<\/td>\n<\/tr>\n<tr>\n<td>amaretto disaronno<\/td>\n<td>5,50<\/td>\n<\/tr>\n<tr>\n<td>cointreau<\/td>\n<td>5,50<\/td>\n<\/tr>\n<\/tbody>\n<\/table>\n<h1>Whiskey<\/h1>\n<table>\n<tr>\n<td>ballantine&#8217;s<\/td>\n<td>4,50<\/td>\n<\/tr>\n<tr>\n<td>jameson<\/td>\n<td>5,50<\/td>\n<\/tr>\n<\/tbody>\n<\/table>\n<h1>Brandy<\/h1>\n<table>\n<tbody>\n<tr>\n<td>soberano<\/td>\n<td>3,00<\/td>\n<\/tr>\n<tr>\n<td>terry<\/td>\n<td>3,00<\/td>\n<\/tr>\n<\/tbody>\n<\/table>\n<h1>Ron<\/h1>\n<table>\n<tbody>\n<tr>\n<td>bacardi<\/td>\n<td>4,50<\/td>\n<\/tr>\n<tr>\n<td>barcel\u00f3<\/td>\n<td>5,50<\/td>\n<\/tr>\n<\/tbody>\n<\/table>\n<h1>Vodka<\/h1>\n<table>\n<tbody>\n<tr>\n<td>smirnoff<\/td>\n<td>4,00<\/td>\n<\/tr>\n<tr>\n<td>absolut<\/td>\n<td>5,00<\/td>\n<\/tr>\n<\/tbody>\n<\/table>\n<h1>Gin<\/h1>\n<table>\n<tbody>\n<td>larios<\/td>\n<td>3,50<\/td>\n<\/tr>\n<tr>\n<td>beefeater<\/td>\n<td>5,00<\/td>\n<\/tr>\n<\/tbody>\n<\/table>\n","protected":false},"excerpt":{"rendered":"<p>return to menu Coffee \/ Tea \/ Cola Cao<\/p>\n","protected":false},"author":1,"featured_media":0,"parent":0,"menu_order":0,"comment_status":"closed","ping_status":"closed","template":"","meta":{"footnotes":""},"class_list":["post-1023","page","type-page","status-publish","hentry"],"_links":{"self":[{"href":"https:\/\/www.doncapuchino.com\/en\/wp-json\/wp\/v2\/pages\/1023","targetHints":{"allow":["GET"]}}],"collection":[{"href":"https:\/\/www.doncapuchino.com\/en\/wp-json\/wp\/v2\/pages"}],"about":[{"href":"https:\/\/www.doncapuchino.com\/en\/wp-json\/wp\/v2\/types\/page"}],"author":[{"embeddable":true,"href":"https:\/\/www.doncapuchino.com\/en\/wp-json\/wp\/v2\/users\/1"}],"replies":[{"embeddable":true,"href":"https:\/\/www.doncapuchino.com\/en\/wp-json\/wp\/v2\/comments?post=1023"}],"version-history":[{"count":190,"href":"https:\/\/www.doncapuchino.com\/en\/wp-json\/wp\/v2\/pages\/1023\/revisions"}],"predecessor-version":[{"id":2329,"href":"https:\/\/www.doncapuchino.com\/en\/wp-json\/wp\/v2\/pages\/1023\/revisions\/2329"}],"wp:attachment":[{"href":"https:\/\/www.doncapuchino.com\/en\/wp-json\/wp\/v2\/media?parent=1023"}],"curies":[{"name":"wp","href":"https:\/\/api.w.org\/{rel}","templated":true}]}}